{"id":5939,"date":"2015-04-20T09:05:10","date_gmt":"2015-04-20T02:05:10","guid":{"rendered":"https:\/\/khuonnhua.net\/?page_id=5939"},"modified":"2026-03-23T14:50:36","modified_gmt":"2026-03-23T07:50:36","slug":"khuon-dap-gia-cong-dap","status":"publish","type":"page","link":"https:\/\/khuonnhua.net\/en\/khuon-dap-gia-cong-dap\/","title":{"rendered":"Khu\u00f4n d\u1eadp &#8211; Gia c\u00f4ng d\u1eadp"},"content":{"rendered":"<h2 data-section-id=\"12lvssf\" data-start=\"211\" data-end=\"277\">Gi\u1ea3i ph\u00e1p Khu\u00f4n d\u1eadp &#8211; Gia c\u00f4ng d\u1eadp: S\u1ea3n xu\u1ea5t ch\u00ednh x\u00e1c \u2013 T\u1ed1i \u01b0u chi ph\u00ed \u2013 \u1ed4n \u0111\u1ecbnh l\u00e2u d\u00e0i<\/h2>\n<p data-start=\"279\" data-end=\"712\">Trong ng\u00e0nh c\u01a1 kh\u00ed ch\u1ebf t\u1ea1o hi\u1ec7n \u0111\u1ea1i, <strong data-start=\"316\" data-end=\"354\">khu\u00f4n d\u1eadp v\u00e0 gia c\u00f4ng d\u1eadp kim lo\u1ea1i<\/strong> \u0111\u00f3ng vai tr\u00f2 c\u1ed1t l\u00f5i trong vi\u1ec7c s\u1ea3n xu\u1ea5t c\u00e1c chi ti\u1ebft kim lo\u1ea1i v\u1edbi <strong data-start=\"422\" data-end=\"475\">\u0111\u1ed9 ch\u00ednh x\u00e1c cao, s\u1ea3n l\u01b0\u1ee3ng l\u1edbn v\u00e0 chi ph\u00ed t\u1ed1i \u01b0u<\/strong>. \u0110\u1ed1i v\u1edbi c\u00e1c doanh nghi\u1ec7p s\u1ea3n xu\u1ea5t c\u00f4ng nghi\u1ec7p, vi\u1ec7c l\u1ef1a ch\u1ecdn \u0111\u00fang \u0111\u1ed1i t\u00e1c thi\u1ebft k\u1ebf \u2013 ch\u1ebf t\u1ea1o khu\u00f4n v\u00e0 gia c\u00f4ng d\u1eadp kh\u00f4ng ch\u1ec9 \u1ea3nh h\u01b0\u1edfng \u0111\u1ebfn ch\u1ea5t l\u01b0\u1ee3ng s\u1ea3n ph\u1ea9m, m\u00e0 c\u00f2n quy\u1ebft \u0111\u1ecbnh \u0111\u1ebfn <strong data-start=\"659\" data-end=\"711\">hi\u1ec7u qu\u1ea3 v\u1eadn h\u00e0nh l\u00e2u d\u00e0i c\u1ee7a to\u00e0n b\u1ed9 d\u00e2y chuy\u1ec1n<\/strong>.<\/p>\n<p data-start=\"714\" data-end=\"964\">V\u1edbi n\u1ec1n t\u1ea3ng kinh nghi\u1ec7m th\u1ef1c t\u1ebf nhi\u1ec1u n\u0103m, c\u00f9ng h\u1ec7 th\u1ed1ng m\u00e1y m\u00f3c gia c\u00f4ng \u0111\u1ed3ng b\u1ed9 v\u00e0 \u0111\u1ed9i ng\u0169 k\u1ef9 thu\u1eadt chuy\u00ean s\u00e2u, ch\u00fang t\u00f4i cung c\u1ea5p <strong data-start=\"848\" data-end=\"904\">gi\u1ea3i ph\u00e1p khu\u00f4n d\u1eadp &amp; gia c\u00f4ng d\u1eadp kim lo\u1ea1i tr\u1ecdn g\u00f3i<\/strong>, \u0111\u00e1p \u1ee9ng \u0111a d\u1ea1ng nhu c\u1ea7u s\u1ea3n xu\u1ea5t t\u1eeb \u0111\u01a1n gi\u1ea3n \u0111\u1ebfn ph\u1ee9c t\u1ea1p.<\/p>\n<hr data-start=\"966\" data-end=\"969\" \/>\n<h1 data-section-id=\"15srpol\" data-start=\"971\" data-end=\"1004\">Khu\u00f4n d\u1eadp &amp; gia c\u00f4ng d\u1eadp l\u00e0 g\u00ec?<\/h1>\n<p data-start=\"1006\" data-end=\"1236\"><strong data-start=\"1006\" data-end=\"1028\">Khu\u00f4n d\u1eadp kim lo\u1ea1i<\/strong> l\u00e0 b\u1ed9 c\u00f4ng c\u1ee5 chuy\u00ean d\u1ee5ng d\u00f9ng \u0111\u1ec3 t\u1ea1o h\u00ecnh v\u1eadt li\u1ec7u kim lo\u1ea1i th\u00f4ng qua l\u1ef1c \u00e9p t\u1eeb m\u00e1y d\u1eadp. K\u1ebft h\u1ee3p v\u1edbi h\u1ec7 th\u1ed1ng m\u00e1y d\u1eadp, qu\u00e1 tr\u00ecnh n\u00e0y cho ph\u00e9p s\u1ea3n xu\u1ea5t h\u00e0ng lo\u1ea1t c\u00e1c chi ti\u1ebft c\u00f3 \u0111\u1ed9 ch\u00ednh x\u00e1c cao v\u00e0 \u0111\u1ed3ng \u0111\u1ec1u.<\/p>\n<p data-start=\"1238\" data-end=\"1333\"><strong data-start=\"1238\" data-end=\"1263\">Gia c\u00f4ng d\u1eadp kim lo\u1ea1i<\/strong> l\u00e0 ph\u01b0\u01a1ng ph\u00e1p s\u1ea3n xu\u1ea5t s\u1eed d\u1ee5ng khu\u00f4n \u0111\u1ec3 th\u1ef1c hi\u1ec7n c\u00e1c c\u00f4ng \u0111o\u1ea1n nh\u01b0:<\/p>\n<ul data-start=\"1335\" data-end=\"1374\">\n<li data-section-id=\"14uoj1s\" data-start=\"1335\" data-end=\"1342\">\n<p data-start=\"1337\" data-end=\"1342\">C\u1eaft<\/p>\n<\/li>\n<li data-section-id=\"15jz5kf\" data-start=\"1343\" data-end=\"1353\">\n<p data-start=\"1345\" data-end=\"1353\">\u0110\u1ed9t l\u1ed7<\/p>\n<\/li>\n<li data-section-id=\"14kj076\" data-start=\"1354\" data-end=\"1361\">\n<p data-start=\"1356\" data-end=\"1361\">U\u1ed1n<\/p>\n<\/li>\n<li data-section-id=\"pcxahc\" data-start=\"1362\" data-end=\"1374\">\n<p data-start=\"1364\" data-end=\"1374\">T\u1ea1o h\u00ecnh<\/p>\n<\/li>\n<\/ul>\n<p data-start=\"1376\" data-end=\"1435\">So v\u1edbi gia c\u00f4ng CNC, d\u1eadp kim lo\u1ea1i c\u00f3 l\u1ee3i th\u1ebf v\u01b0\u1ee3t tr\u1ed9i khi:<\/p>\n<ul data-start=\"1437\" data-end=\"1509\">\n<li data-section-id=\"1qybqdj\" data-start=\"1437\" data-end=\"1462\">\n<p data-start=\"1439\" data-end=\"1462\">S\u1ea3n xu\u1ea5t s\u1ed1 l\u01b0\u1ee3ng l\u1edbn<\/p>\n<\/li>\n<li data-section-id=\"1v8a7y4\" data-start=\"1463\" data-end=\"1485\">\n<p data-start=\"1465\" data-end=\"1485\">Y\u00eau c\u1ea7u t\u1ed1c \u0111\u1ed9 cao<\/p>\n<\/li>\n<li data-section-id=\"1a4cm2d\" data-start=\"1486\" data-end=\"1509\">\n<p data-start=\"1488\" data-end=\"1509\">Chi ph\u00ed \u0111\u01a1n v\u1ecb th\u1ea5p<\/p>\n<\/li>\n<\/ul>\n<hr data-start=\"1511\" data-end=\"1514\" \/>\n<h1 data-section-id=\"1i1qy0b\" data-start=\"1516\" data-end=\"1555\">N\u0103ng l\u1ef1c thi\u1ebft k\u1ebf &amp; ch\u1ebf t\u1ea1o khu\u00f4n d\u1eadp<\/h1>\n<h2 data-section-id=\"3znfq5\" data-start=\"1557\" data-end=\"1589\">Kinh nghi\u1ec7m th\u1ef1c t\u1ebf nhi\u1ec1u n\u0103m<\/h2>\n<p data-start=\"1591\" data-end=\"1665\">Ch\u00fang t\u00f4i s\u1edf h\u1eefu \u0111\u1ed9i ng\u0169 k\u1ef9 thu\u1eadt c\u00f3 nhi\u1ec1u n\u0103m kinh nghi\u1ec7m trong l\u0129nh v\u1ef1c:<\/p>\n<ul data-start=\"1667\" data-end=\"1756\">\n<li data-section-id=\"3w3gyf\" data-start=\"1667\" data-end=\"1689\">\n<p data-start=\"1669\" data-end=\"1689\">Thi\u1ebft k\u1ebf khu\u00f4n d\u1eadp<\/p>\n<\/li>\n<li data-section-id=\"1p1pf72\" data-start=\"1690\" data-end=\"1716\">\n<p data-start=\"1692\" data-end=\"1716\">Ch\u1ebf t\u1ea1o khu\u00f4n kim lo\u1ea1i<\/p>\n<\/li>\n<li data-section-id=\"10yebuk\" data-start=\"1717\" data-end=\"1756\">\n<p data-start=\"1719\" data-end=\"1756\">T\u1ed1i \u01b0u khu\u00f4n cho s\u1ea3n xu\u1ea5t h\u00e0ng lo\u1ea1t<\/p>\n<\/li>\n<\/ul>\n<p data-start=\"1758\" data-end=\"1821\">Kh\u00f4ng ch\u1ec9 d\u1eebng \u1edf thi\u1ebft k\u1ebf, ch\u00fang t\u00f4i hi\u1ec3u r\u00f5 m\u1ed1i li\u00ean k\u1ebft gi\u1eefa:<\/p>\n<p data-start=\"1823\" data-end=\"1876\">\ud83d\udc49 T<strong data-start=\"1826\" data-end=\"1876\">hi\u1ebft k\u1ebf \u2013 Gia c\u00f4ng \u2013 V\u1eadn h\u00e0nh \u2013 B\u1ea3o tr\u00ec khu\u00f4n<\/strong><\/p>\n<p data-start=\"1878\" data-end=\"1958\">Nh\u1edd \u0111\u00f3, ph\u01b0\u01a1ng \u00e1n khu\u00f4n lu\u00f4n \u0111\u1ea3m b\u1ea3o t\u00ednh <strong data-start=\"1920\" data-end=\"1957\">th\u1ef1c t\u1ebf v\u00e0 kh\u1ea3 thi trong s\u1ea3n xu\u1ea5t<\/strong>.<\/p>\n<p><img loading=\"lazy\" decoding=\"async\" class=\"aligncenter wp-image-5926 size-large\" src=\"https:\/\/khuonnhua.net\/wp-content\/uploads\/sites\/7\/2026\/03\/khuon-dap-768x1024.png\" alt=\"khu\u00f4n d\u1eadp\" width=\"768\" height=\"1024\" srcset=\"https:\/\/khuonnhua.net\/wp-content\/uploads\/sites\/7\/2026\/03\/khuon-dap-768x1024.png 768w, https:\/\/khuonnhua.net\/wp-content\/uploads\/sites\/7\/2026\/03\/khuon-dap-225x300.png 225w, https:\/\/khuonnhua.net\/wp-content\/uploads\/sites\/7\/2026\/03\/khuon-dap.png 896w\" sizes=\"auto, (max-width: 768px) 100vw, 768px\" \/><\/p>\n<hr data-start=\"1960\" data-end=\"1963\" \/>\n<h2 data-section-id=\"9csrq6\" data-start=\"1965\" data-end=\"2017\">Chuy\u00ean gia k\u1ef9 thu\u1eadt Trung Qu\u1ed1c tr\u1ef1c ti\u1ebfp tham gia<\/h2>\n<p data-start=\"2019\" data-end=\"2098\">M\u1ed9t trong nh\u1eefng l\u1ee3i th\u1ebf l\u1edbn l\u00e0 c\u00f3 <strong data-start=\"2053\" data-end=\"2087\">chuy\u00ean gia k\u1ef9 thu\u1eadt Trung Qu\u1ed1c<\/strong> tr\u1ef1c ti\u1ebfp:<\/p>\n<ul data-start=\"2100\" data-end=\"2244\">\n<li data-section-id=\"i15cki\" data-start=\"2100\" data-end=\"2135\">\n<p data-start=\"2102\" data-end=\"2135\">Tham gia thi\u1ebft k\u1ebf k\u1ebft c\u1ea5u khu\u00f4n<\/p>\n<\/li>\n<li data-section-id=\"1bugsfr\" data-start=\"2136\" data-end=\"2160\">\n<p data-start=\"2138\" data-end=\"2160\">T\u1ed1i \u01b0u ph\u01b0\u01a1ng \u00e1n d\u1eadp<\/p>\n<\/li>\n<li data-section-id=\"1j8oczr\" data-start=\"2161\" data-end=\"2201\">\n<p data-start=\"2163\" data-end=\"2201\">X\u1eed l\u00fd c\u00e1c b\u00e0i to\u00e1n k\u1ef9 thu\u1eadt ph\u1ee9c t\u1ea1p<\/p>\n<\/li>\n<li data-section-id=\"1yrx1ej\" data-start=\"2202\" data-end=\"2244\">\n<p data-start=\"2204\" data-end=\"2244\">\u0110\u1ea3m b\u1ea3o khu\u00f4n ph\u00f9 h\u1ee3p s\u1ea3n xu\u1ea5t l\u00e2u d\u00e0i<\/p>\n<\/li>\n<\/ul>\n<p data-start=\"2246\" data-end=\"2317\">\u0110\u00e2y l\u00e0 y\u1ebfu t\u1ed1 gi\u00fap n\u00e2ng cao ch\u1ea5t l\u01b0\u1ee3ng khu\u00f4n, \u0111\u1eb7c bi\u1ec7t trong c\u00e1c d\u1ef1 \u00e1n:<\/p>\n<ul data-start=\"2319\" data-end=\"2423\">\n<li data-section-id=\"1bne3jv\" data-start=\"2319\" data-end=\"2360\">\n<p data-start=\"2321\" data-end=\"2360\">Khu\u00f4n d\u1eadp li\u00ean ho\u00e0n (progressive die)<\/p>\n<\/li>\n<li data-section-id=\"3e5n9o\" data-start=\"2361\" data-end=\"2388\">\n<p data-start=\"2363\" data-end=\"2388\">Khu\u00f4n d\u1eadp s\u1ea3n l\u01b0\u1ee3ng l\u1edbn<\/p>\n<\/li>\n<li data-section-id=\"zb96rw\" data-start=\"2389\" data-end=\"2423\">\n<p data-start=\"2391\" data-end=\"2423\">Khu\u00f4n y\u00eau c\u1ea7u \u0111\u1ed9 ch\u00ednh x\u00e1c cao<\/p>\n<\/li>\n<\/ul>\n<p><img loading=\"lazy\" decoding=\"async\" class=\"aligncenter size-large wp-image-5927\" src=\"https:\/\/khuonnhua.net\/wp-content\/uploads\/sites\/7\/2026\/03\/thiet-ke-khuon-dap-1-1024x768.png\" alt=\"thi\u1ebft k\u1ebf khu\u00f4n d\u1eadp\" width=\"1020\" height=\"765\" srcset=\"https:\/\/khuonnhua.net\/wp-content\/uploads\/sites\/7\/2026\/03\/thiet-ke-khuon-dap-1-1024x768.png 1024w, https:\/\/khuonnhua.net\/wp-content\/uploads\/sites\/7\/2026\/03\/thiet-ke-khuon-dap-1-300x225.png 300w, https:\/\/khuonnhua.net\/wp-content\/uploads\/sites\/7\/2026\/03\/thiet-ke-khuon-dap-1-768x576.png 768w, https:\/\/khuonnhua.net\/wp-content\/uploads\/sites\/7\/2026\/03\/thiet-ke-khuon-dap-1.png 1195w\" sizes=\"auto, (max-width: 1020px) 100vw, 1020px\" \/><\/p>\n<hr data-start=\"2425\" data-end=\"2428\" \/>\n<h1 data-section-id=\"1d10vd0\" data-start=\"2430\" data-end=\"2465\">H\u1ec7 th\u1ed1ng m\u00e1y m\u00f3c gia c\u00f4ng \u0111\u1ed3ng b\u1ed9<\/h1>\n<p data-start=\"2467\" data-end=\"2564\">\u0110\u1ec3 \u0111\u1ea3m b\u1ea3o ch\u1ea5t l\u01b0\u1ee3ng khu\u00f4n v\u00e0 \u0111\u1ed9 ch\u00ednh x\u00e1c chi ti\u1ebft, ch\u00fang t\u00f4i \u0111\u1ea7u t\u01b0 h\u1ec7 th\u1ed1ng thi\u1ebft b\u1ecb \u0111a d\u1ea1ng:<\/p>\n<ul data-start=\"2566\" data-end=\"2760\">\n<li data-section-id=\"c74edx\" data-start=\"2566\" data-end=\"2600\">\n<p data-start=\"2568\" data-end=\"2600\">M\u00e1y CNC gia c\u00f4ng ch\u00ednh x\u00e1c cao<\/p>\n<\/li>\n<li data-section-id=\"13o0wa9\" data-start=\"2601\" data-end=\"2642\">\n<p data-start=\"2603\" data-end=\"2642\">M\u00e1y c\u1eaft d\u00e2y cho chi ti\u1ebft ph\u1ee9c t\u1ea1p<\/p>\n<\/li>\n<li data-section-id=\"wlbhny\" data-start=\"2643\" data-end=\"2689\">\n<p data-start=\"2645\" data-end=\"2689\">M\u00e1y m\u00e0i ph\u1eb3ng \u2013 m\u00e0i tr\u00f2n ho\u00e0n thi\u1ec7n b\u1ec1 m\u1eb7t<\/p>\n<\/li>\n<li data-section-id=\"qehk01\" data-start=\"2690\" data-end=\"2721\">\n<p data-start=\"2692\" data-end=\"2721\">M\u00e1y d\u1eadp c\u01a1 v\u00e0 d\u1eadp li\u00ean ho\u00e0n<\/p>\n<\/li>\n<li data-section-id=\"1td0ut0\" data-start=\"2722\" data-end=\"2760\">\n<p data-start=\"2724\" data-end=\"2760\">H\u1ec7 th\u1ed1ng \u0111\u1ed3 g\u00e1 v\u00e0 thi\u1ebft b\u1ecb \u0111o ki\u1ec3m<\/p>\n<\/li>\n<\/ul>\n<p data-start=\"2762\" data-end=\"2832\">S\u1ef1 k\u1ebft h\u1ee3p gi\u1eefa <strong data-start=\"2778\" data-end=\"2822\">thi\u1ebft b\u1ecb hi\u1ec7n \u0111\u1ea1i + kinh nghi\u1ec7m v\u1eadn h\u00e0nh<\/strong> cho ph\u00e9p:<\/p>\n<ul data-start=\"2834\" data-end=\"2926\">\n<li data-section-id=\"1fqy8j3\" data-start=\"2834\" data-end=\"2862\">\n<p data-start=\"2836\" data-end=\"2862\">Gia c\u00f4ng khu\u00f4n ch\u00ednh x\u00e1c<\/p>\n<\/li>\n<li data-section-id=\"1sjkmau\" data-start=\"2863\" data-end=\"2890\">\n<p data-start=\"2865\" data-end=\"2890\">Ki\u1ec3m so\u00e1t dung sai ch\u1eb7t<\/p>\n<\/li>\n<li data-section-id=\"86ox32\" data-start=\"2891\" data-end=\"2926\">\n<p data-start=\"2893\" data-end=\"2926\">\u0110\u1ea3m b\u1ea3o \u0111\u1ed9 \u1ed5n \u0111\u1ecbnh khi s\u1ea3n xu\u1ea5t<\/p>\n<\/li>\n<\/ul>\n<p><img loading=\"lazy\" decoding=\"async\" class=\"aligncenter size-full wp-image-5933\" src=\"https:\/\/khuonnhua.net\/wp-content\/uploads\/sites\/7\/2026\/03\/CNC-machine.png\" alt=\"\" width=\"965\" height=\"634\" srcset=\"https:\/\/khuonnhua.net\/wp-content\/uploads\/sites\/7\/2026\/03\/CNC-machine.png 965w, https:\/\/khuonnhua.net\/wp-content\/uploads\/sites\/7\/2026\/03\/CNC-machine-300x197.png 300w, https:\/\/khuonnhua.net\/wp-content\/uploads\/sites\/7\/2026\/03\/CNC-machine-768x505.png 768w\" sizes=\"auto, (max-width: 965px) 100vw, 965px\" \/><\/p>\n<hr data-start=\"2928\" data-end=\"2931\" \/>\n<h1 data-section-id=\"1e01lbf\" data-start=\"2933\" data-end=\"2969\">Gia c\u00f4ng d\u1eadp kim lo\u1ea1i theo y\u00eau c\u1ea7u<\/h1>\n<p data-start=\"2971\" data-end=\"3052\">Ch\u00fang t\u00f4i cung c\u1ea5p d\u1ecbch v\u1ee5 <strong data-start=\"2998\" data-end=\"3023\">gia c\u00f4ng d\u1eadp kim lo\u1ea1i<\/strong> cho nhi\u1ec1u nhu c\u1ea7u kh\u00e1c nhau:<\/p>\n<ul data-start=\"3054\" data-end=\"3260\">\n<li data-section-id=\"1g9ia7g\" data-start=\"3054\" data-end=\"3092\">\n<p data-start=\"3056\" data-end=\"3092\">Gia c\u00f4ng d\u1eadp chi ti\u1ebft kim lo\u1ea1i t\u1ea5m<\/p>\n<\/li>\n<li data-section-id=\"xoyeuh\" data-start=\"3093\" data-end=\"3131\">\n<p data-start=\"3095\" data-end=\"3131\">Gia c\u00f4ng d\u1eadp linh ki\u1ec7n c\u00f4ng nghi\u1ec7p<\/p>\n<\/li>\n<li data-section-id=\"1l9mumn\" data-start=\"3132\" data-end=\"3170\">\n<p data-start=\"3134\" data-end=\"3170\">Gia c\u00f4ng d\u1eadp s\u1ea3n ph\u1ea9m s\u1ed1 l\u01b0\u1ee3ng l\u1edbn<\/p>\n<\/li>\n<li data-section-id=\"1pko1yv\" data-start=\"3171\" data-end=\"3216\">\n<p data-start=\"3173\" data-end=\"3216\">Gia c\u00f4ng d\u1eadp theo b\u1ea3n v\u1ebd ho\u1eb7c m\u1eabu th\u1ef1c t\u1ebf<\/p>\n<\/li>\n<li data-section-id=\"esbf55\" data-start=\"3217\" data-end=\"3260\">\n<p data-start=\"3219\" data-end=\"3260\">Gia c\u00f4ng d\u1eadp cho th\u00e9p, inox, nh\u00f4m, \u0111\u1ed3ng<\/p>\n<\/li>\n<\/ul>\n<p data-start=\"3262\" data-end=\"3283\">\u0110\u1eb7c bi\u1ec7t ph\u00f9 h\u1ee3p cho:<\/p>\n<ul data-start=\"3285\" data-end=\"3365\">\n<li data-section-id=\"1wyvd19\" data-start=\"3285\" data-end=\"3307\">\n<p data-start=\"3287\" data-end=\"3307\">S\u1ea3n xu\u1ea5t h\u00e0ng lo\u1ea1t<\/p>\n<\/li>\n<li data-section-id=\"1ife257\" data-start=\"3308\" data-end=\"3330\">\n<p data-start=\"3310\" data-end=\"3330\">D\u00e2y chuy\u1ec1n t\u1ef1 \u0111\u1ed9ng<\/p>\n<\/li>\n<li data-section-id=\"egougp\" data-start=\"3331\" data-end=\"3365\">\n<p data-start=\"3333\" data-end=\"3365\">Y\u00eau c\u1ea7u \u1ed5n \u0111\u1ecbnh ch\u1ea5t l\u01b0\u1ee3ng cao<\/p>\n<\/li>\n<\/ul>\n<hr data-start=\"3367\" data-end=\"3370\" \/>\n<h1 data-section-id=\"aay4i8\" data-start=\"3372\" data-end=\"3403\">C\u00e1c lo\u1ea1i khu\u00f4n d\u1eadp tri\u1ec3n khai<\/h1>\n<p data-start=\"3405\" data-end=\"3475\">T\u00f9y theo s\u1ea3n ph\u1ea9m v\u00e0 s\u1ea3n l\u01b0\u1ee3ng, ch\u00fang t\u00f4i tri\u1ec3n khai nhi\u1ec1u lo\u1ea1i khu\u00f4n:<\/p>\n<h2 data-section-id=\"mv6x9q\" data-start=\"3477\" data-end=\"3495\">Khu\u00f4n d\u1eadp \u0111\u01a1n<\/h2>\n<p data-start=\"3496\" data-end=\"3543\">Ph\u00f9 h\u1ee3p s\u1ea3n ph\u1ea9m \u0111\u01a1n gi\u1ea3n, chi ph\u00ed \u0111\u1ea7u t\u01b0 th\u1ea5p.<\/p>\n<h2 data-section-id=\"mtt96e\" data-start=\"3545\" data-end=\"3587\">Khu\u00f4n d\u1eadp li\u00ean ho\u00e0n (Progressive Die)<\/h2>\n<ul data-start=\"3588\" data-end=\"3690\">\n<li data-section-id=\"wotv26\" data-start=\"3588\" data-end=\"3628\">\n<p data-start=\"3590\" data-end=\"3628\">Nhi\u1ec1u c\u00f4ng \u0111o\u1ea1n trong m\u1ed9t h\u00e0nh tr\u00ecnh<\/p>\n<\/li>\n<li data-section-id=\"1wqvbkm\" data-start=\"3629\" data-end=\"3646\">\n<p data-start=\"3631\" data-end=\"3646\">N\u0103ng su\u1ea5t cao<\/p>\n<\/li>\n<li data-section-id=\"vxisbg\" data-start=\"3647\" data-end=\"3665\">\n<p data-start=\"3649\" data-end=\"3665\">Gi\u1ea3m nh\u00e2n c\u00f4ng<\/p>\n<\/li>\n<li data-section-id=\"1djh9e1\" data-start=\"3666\" data-end=\"3690\">\n<p data-start=\"3668\" data-end=\"3690\">Ph\u00f9 h\u1ee3p s\u1ea3n xu\u1ea5t l\u1edbn<\/p>\n<\/li>\n<\/ul>\n<h2 data-section-id=\"lx1p3e\" data-start=\"3692\" data-end=\"3716\">Khu\u00f4n d\u1eadp ch\u00ednh x\u00e1c<\/h2>\n<ul data-start=\"3717\" data-end=\"3798\">\n<li data-section-id=\"19584ar\" data-start=\"3717\" data-end=\"3734\">\n<p data-start=\"3719\" data-end=\"3734\">Dung sai ch\u1eb7t<\/p>\n<\/li>\n<li data-section-id=\"cspdu0\" data-start=\"3735\" data-end=\"3760\">\n<p data-start=\"3737\" data-end=\"3760\">Y\u00eau c\u1ea7u cao v\u1ec1 b\u1ec1 m\u1eb7t<\/p>\n<\/li>\n<li data-section-id=\"y909hm\" data-start=\"3761\" data-end=\"3798\">\n<p data-start=\"3763\" data-end=\"3798\">\u1ee8ng d\u1ee5ng trong linh ki\u1ec7n k\u1ef9 thu\u1eadt<\/p>\n<\/li>\n<\/ul>\n<hr data-start=\"3800\" data-end=\"3803\" \/>\n<h1 data-section-id=\"4j90t6\" data-start=\"3805\" data-end=\"3845\">\u1ee8ng d\u1ee5ng trong nhi\u1ec1u ng\u00e0nh c\u00f4ng nghi\u1ec7p<\/h1>\n<p data-start=\"3847\" data-end=\"3911\">Gi\u1ea3i ph\u00e1p khu\u00f4n d\u1eadp &amp; gia c\u00f4ng d\u1eadp \u0111\u01b0\u1ee3c \u1ee9ng d\u1ee5ng r\u1ed9ng r\u00e3i trong:<\/p>\n<ul data-start=\"3913\" data-end=\"4031\">\n<li data-section-id=\"cdt45o\" data-start=\"3913\" data-end=\"3933\">\n<p data-start=\"3915\" data-end=\"3933\">Linh ki\u1ec7n c\u01a1 kh\u00ed<\/p>\n<\/li>\n<li data-section-id=\"pbzunp\" data-start=\"3934\" data-end=\"3961\">\n<p data-start=\"3936\" data-end=\"3961\">Thi\u1ebft b\u1ecb \u0111i\u1ec7n \u2013 \u0111i\u1ec7n t\u1eed<\/p>\n<\/li>\n<li data-section-id=\"18utql4\" data-start=\"3962\" data-end=\"3980\">\n<p data-start=\"3964\" data-end=\"3980\">Ng\u00e0nh x\u00e2y d\u1ef1ng<\/p>\n<\/li>\n<li data-section-id=\"1hywpkg\" data-start=\"3981\" data-end=\"4005\">\n<p data-start=\"3983\" data-end=\"4005\">Ph\u1ee5 t\u00f9ng c\u00f4ng nghi\u1ec7p<\/p>\n<\/li>\n<li data-section-id=\"18f62oi\" data-start=\"4006\" data-end=\"4031\">\n<p data-start=\"4008\" data-end=\"4031\">S\u1ea3n ph\u1ea9m kim lo\u1ea1i t\u1ea5m<\/p>\n<\/li>\n<\/ul>\n<hr data-start=\"4033\" data-end=\"4036\" \/>\n<h1 data-section-id=\"1cpa8tk\" data-start=\"4038\" data-end=\"4079\">V\u00ec sao doanh nghi\u1ec7p l\u1ef1a ch\u1ecdn ch\u00fang t\u00f4i?<\/h1>\n<p data-start=\"4081\" data-end=\"4391\">\u2714 Kinh nghi\u1ec7m th\u1ef1c t\u1ebf nhi\u1ec1u n\u0103m trong ng\u00e0nh khu\u00f4n d\u1eadp<br data-start=\"4134\" data-end=\"4137\" \/>\u2714 C\u00f3 chuy\u00ean gia k\u1ef9 thu\u1eadt qu\u1ed1c t\u1ebf tr\u1ef1c ti\u1ebfp tham gia<br data-start=\"4188\" data-end=\"4191\" \/>\u2714 Gia c\u00f4ng tr\u1ef1c ti\u1ebfp t\u1ea1i x\u01b0\u1edfng \u2013 ki\u1ec3m so\u00e1t ch\u1ea5t l\u01b0\u1ee3ng<br data-start=\"4244\" data-end=\"4247\" \/>\u2714 H\u1ec7 th\u1ed1ng m\u00e1y CNC \u2013 c\u1eaft d\u00e2y \u2013 m\u00e0i \u2013 d\u1eadp \u0111\u1ed3ng b\u1ed9<br data-start=\"4291\" data-end=\"4294\" \/>\u2714 \u0110\u00e1p \u1ee9ng t\u1eeb \u0111\u01a1n h\u00e0ng nh\u1ecf \u0111\u1ebfn s\u1ea3n xu\u1ea5t h\u00e0ng lo\u1ea1t<br data-start=\"4342\" data-end=\"4345\" \/>\u2714 T\u01b0 duy t\u1ed1i \u01b0u chi ph\u00ed v\u00e0 hi\u1ec7u qu\u1ea3 s\u1ea3n xu\u1ea5t<\/p>\n<p data-start=\"4393\" data-end=\"4475\">Ch\u00fang t\u00f4i kh\u00f4ng ch\u1ec9 l\u00e0m khu\u00f4n, m\u00e0 c\u00f2n <strong data-start=\"4431\" data-end=\"4474\">gi\u1ea3i b\u00e0i to\u00e1n s\u1ea3n xu\u1ea5t cho doanh nghi\u1ec7p<\/strong>.<\/p>\n<hr data-start=\"4477\" data-end=\"4480\" \/>\n<h1 data-section-id=\"uzejp2\" data-start=\"4482\" data-end=\"4510\">\u0110\u1ecbnh h\u01b0\u1edbng h\u1ee3p t\u00e1c d\u00e0i h\u1ea1n<\/h1>\n<p data-start=\"4512\" data-end=\"4609\">Ch\u00fang t\u00f4i h\u01b0\u1edbng \u0111\u1ebfn vi\u1ec7c tr\u1edf th\u00e0nh <strong data-start=\"4547\" data-end=\"4575\">\u0111\u1ed1i t\u00e1c k\u1ef9 thu\u1eadt l\u00e2u d\u00e0i<\/strong>, \u0111\u1ed3ng h\u00e0nh c\u00f9ng kh\u00e1ch h\u00e0ng trong:<\/p>\n<ul data-start=\"4611\" data-end=\"4717\">\n<li data-section-id=\"17c015z\" data-start=\"4611\" data-end=\"4636\">\n<p data-start=\"4613\" data-end=\"4636\">T\u1ed1i \u01b0u thi\u1ebft k\u1ebf khu\u00f4n<\/p>\n<\/li>\n<li data-section-id=\"uqi3in\" data-start=\"4637\" data-end=\"4658\">\n<p data-start=\"4639\" data-end=\"4658\">C\u1ea3i ti\u1ebfn s\u1ea3n xu\u1ea5t<\/p>\n<\/li>\n<li data-section-id=\"1io0elg\" data-start=\"4659\" data-end=\"4684\">\n<p data-start=\"4661\" data-end=\"4684\">Gi\u1ea3m chi ph\u00ed v\u1eadn h\u00e0nh<\/p>\n<\/li>\n<li data-section-id=\"kps2ha\" data-start=\"4685\" data-end=\"4717\">\n<p data-start=\"4687\" data-end=\"4717\">N\u00e2ng cao ch\u1ea5t l\u01b0\u1ee3ng s\u1ea3n ph\u1ea9m<\/p>\n<\/li>\n<\/ul>\n<hr data-start=\"4719\" data-end=\"4722\" \/>\n<h1 data-section-id=\"nir8oa\" data-start=\"4724\" data-end=\"4765\">Li\u00ean h\u1ec7 t\u01b0 v\u1ea5n khu\u00f4n d\u1eadp &amp; gia c\u00f4ng d\u1eadp<\/h1>\n<p data-start=\"4767\" data-end=\"4780\">Qu\u00fd kh\u00e1ch h\u00e0ng \u0111ang c\u1ea7n:<\/p>\n<ul data-start=\"4782\" data-end=\"4892\">\n<li data-section-id=\"3w3gyf\" data-start=\"4782\" data-end=\"4804\">\n<p data-start=\"4784\" data-end=\"4804\">Thi\u1ebft k\u1ebf khu\u00f4n d\u1eadp<\/p>\n<\/li>\n<li data-section-id=\"m8r8k3\" data-start=\"4805\" data-end=\"4826\">\n<p data-start=\"4807\" data-end=\"4826\">Ch\u1ebf t\u1ea1o khu\u00f4n d\u1eadp<\/p>\n<\/li>\n<li data-section-id=\"tevjz8\" data-start=\"4827\" data-end=\"4852\">\n<p data-start=\"4829\" data-end=\"4852\">Gia c\u00f4ng d\u1eadp kim lo\u1ea1i<\/p>\n<\/li>\n<li data-section-id=\"1atnga7\" data-start=\"4853\" data-end=\"4892\">\n<p data-start=\"4855\" data-end=\"4892\">C\u1ea3i ti\u1ebfn ho\u1eb7c t\u1ed1i \u01b0u khu\u00f4n hi\u1ec7n t\u1ea1i<\/p>\n<\/li>\n<\/ul>\n<p data-start=\"4894\" data-end=\"4957\">\ud83d\udc49 H\u00e3y trao \u0111\u1ed5i \u0111\u1ec3 \u0111\u01b0\u1ee3c ph\u00e2n t\u00edch v\u00e0 \u0111\u1ec1 xu\u1ea5t gi\u1ea3i ph\u00e1p ph\u00f9 h\u1ee3p.<\/p>\n<p data-start=\"4959\" data-end=\"5029\">\ud83d\udcde <strong data-start=\"4962\" data-end=\"4989\">Mr. Long: 0949 90 77 68<\/strong><br data-start=\"4989\" data-end=\"4992\" \/>\ud83d\udce7 <strong data-start=\"4995\" data-end=\"5029\">Email: <a class=\"decorated-link cursor-pointer\" rel=\"noopener\" data-start=\"5004\" data-end=\"5027\">khuonnhua.net@gmail.com<\/a><\/strong><\/p>\n<p data-start=\"5066\" data-end=\"5142\"><strong data-start=\"5066\" data-end=\"5142\">Gi\u1ea3i ph\u00e1p ch\u00ednh x\u00e1c \u2013 s\u1ea3n xu\u1ea5t \u1ed5n \u0111\u1ecbnh \u2013 t\u1ed1i \u01b0u l\u00e2u d\u00e0i cho doanh nghi\u1ec7p<\/strong><\/p>\n","protected":false},"excerpt":{"rendered":"<p>Gi\u1ea3i ph\u00e1p Khu\u00f4n d\u1eadp &#8211; Gia c\u00f4ng d\u1eadp: S\u1ea3n xu\u1ea5t ch\u00ednh x\u00e1c \u2013 T\u1ed1i \u01b0u chi ph\u00ed \u2013 \u1ed4n \u0111\u1ecbnh l\u00e2u d\u00e0i Trong ng\u00e0nh c\u01a1 kh\u00ed ch\u1ebf t\u1ea1o hi\u1ec7n \u0111\u1ea1i, khu\u00f4n d\u1eadp v\u00e0 gia c\u00f4ng d\u1eadp kim lo\u1ea1i \u0111\u00f3ng vai tr\u00f2 c\u1ed1t l\u00f5i trong vi\u1ec7c s\u1ea3n xu\u1ea5t c\u00e1c chi ti\u1ebft kim lo\u1ea1i v\u1edbi \u0111\u1ed9 ch\u00ednh [&#8230;]\n","protected":false},"author":1635,"featured_media":0,"parent":0,"menu_order":0,"comment_status":"closed","ping_status":"closed","template":"","meta":{"footnotes":""},"class_list":["post-5939","page","type-page","status-publish","hentry"],"_links":{"self":[{"href":"https:\/\/khuonnhua.net\/en\/wp-json\/wp\/v2\/pages\/5939","targetHints":{"allow":["GET"]}}],"collection":[{"href":"https:\/\/khuonnhua.net\/en\/wp-json\/wp\/v2\/pages"}],"about":[{"href":"https:\/\/khuonnhua.net\/en\/wp-json\/wp\/v2\/types\/page"}],"author":[{"embeddable":true,"href":"https:\/\/khuonnhua.net\/en\/wp-json\/wp\/v2\/users\/1635"}],"replies":[{"embeddable":true,"href":"https:\/\/khuonnhua.net\/en\/wp-json\/wp\/v2\/comments?post=5939"}],"version-history":[{"count":0,"href":"https:\/\/khuonnhua.net\/en\/wp-json\/wp\/v2\/pages\/5939\/revisions"}],"wp:attachment":[{"href":"https:\/\/khuonnhua.net\/en\/wp-json\/wp\/v2\/media?parent=5939"}],"curies":[{"name":"wp","href":"https:\/\/api.w.org\/{rel}","templated":true}]}}